{"id":10388,"date":"2025-03-21T17:19:23","date_gmt":"2025-03-21T16:19:23","guid":{"rendered":"https:\/\/www.sigre.es\/boletin\/?page_id=10388"},"modified":"2025-07-10T11:33:22","modified_gmt":"2025-07-10T10:33:22","slug":"sigre-responde-91","status":"publish","type":"page","link":"https:\/\/www.sigre.es\/boletin\/sigre-informa-91\/sigre-responde-91\/","title":{"rendered":"SIGRE RESPONDE"},"content":{"rendered":"<div id=\"fb-root\"><\/div>\n<p>En el marco de nuestra <a href=\"https:\/\/sigre.es\/sostenibilidad#responsabilidad-social\">Pol\u00edtica de Calidad<\/a>, el pasado mes de enero lanzamos un nuevo sondeo de opini\u00f3n, el und\u00e9cimo ya, entre los responsables de medio ambiente de nuestras compa\u00f1\u00edas adheridas.<\/p>\n<p>Gracias a la participaci\u00f3n de 75 empresas, se pudo obtener informaci\u00f3n directa y detallada sobre la percepci\u00f3n que tienen de SIGRE, lo que nos permitir\u00e1 mejorar nuestro sistema y el servicio que prestamos al sector farmac\u00e9utico.<\/p>\n<p>Entre los aspectos m\u00e1s destacados podemos encontrar que casi nueve de cada diez encuestados (un 84%) se\u00f1alan como \u201calto\u201d su nivel de satisfacci\u00f3n con el servicio que reciben, o que el 98% considera que SIGRE realiza una gesti\u00f3n responsable en t\u00e9rminos de ESG.<\/p>\n<p>Adem\u00e1s, el 94% considera como positiva o muy positiva la ampliaci\u00f3n del \u00e1mbito de actuaci\u00f3n de SIGRE para asumir las nuevas obligaciones ambientales de las compa\u00f1\u00edas relacionadas con la <a href=\"https:\/\/sigre.es\/post\/sigre-obtiene-la-autorizacion-como-scrap-para-envases-domesticos-comerciales-e-industriales-de-medicamentos\">gesti\u00f3n de los envases comerciales e industriales de medicamentos<\/a>.<\/p>\n<p>Como \u00e1rea de mejora, tan solo un 1 de cada 3 encuestados afirma que sus compa\u00f1eros de empresa conocen bien la actividad que SIGRE desarrolla.<\/p>\n<p>Desde SIGRE queremos agradecer la participaci\u00f3n de todos aquellos que han colaborado en este sondeo y la confianza prestada en nuestra labor diaria.<\/p>\n<p><a href=\"https:\/\/www.sigre.es\/boletin\/wp-content\/uploads\/2025\/03\/SIGRE_Sondeo-Opinion-Empresas-adheridas-2025_Resumen-ejecutivo_pages-to-jpg-0005.jpg\"><img loading=\"lazy\" decoding=\"async\" class=\"aligncenter wp-image-10391\" src=\"https:\/\/www.sigre.es\/boletin\/wp-content\/uploads\/2025\/03\/SIGRE_Sondeo-Opinion-Empresas-adheridas-2025_Resumen-ejecutivo_pages-to-jpg-0005-300x169.jpg\" alt=\"\" width=\"612\" height=\"345\" srcset=\"https:\/\/www.sigre.es\/boletin\/wp-content\/uploads\/2025\/03\/SIGRE_Sondeo-Opinion-Empresas-adheridas-2025_Resumen-ejecutivo_pages-to-jpg-0005-300x169.jpg 300w, https:\/\/www.sigre.es\/boletin\/wp-content\/uploads\/2025\/03\/SIGRE_Sondeo-Opinion-Empresas-adheridas-2025_Resumen-ejecutivo_pages-to-jpg-0005-1024x576.jpg 1024w, https:\/\/www.sigre.es\/boletin\/wp-content\/uploads\/2025\/03\/SIGRE_Sondeo-Opinion-Empresas-adheridas-2025_Resumen-ejecutivo_pages-to-jpg-0005-768x432.jpg 768w, https:\/\/www.sigre.es\/boletin\/wp-content\/uploads\/2025\/03\/SIGRE_Sondeo-Opinion-Empresas-adheridas-2025_Resumen-ejecutivo_pages-to-jpg-0005-1536x864.jpg 1536w, https:\/\/www.sigre.es\/boletin\/wp-content\/uploads\/2025\/03\/SIGRE_Sondeo-Opinion-Empresas-adheridas-2025_Resumen-ejecutivo_pages-to-jpg-0005.jpg 2000w\" sizes=\"auto, (max-width: 612px) 100vw, 612px\" \/><br \/>\n<\/a><\/p>\n<p><a href=\"https:\/\/www.sigre.es\/boletin\/wp-content\/uploads\/2025\/03\/SIGRE_Sondeo-Opinion-Empresas-adheridas-2025_Resumen-ejecutivo_pages-to-jpg-0006.jpg\"><img loading=\"lazy\" decoding=\"async\" class=\"aligncenter wp-image-10392\" src=\"https:\/\/www.sigre.es\/boletin\/wp-content\/uploads\/2025\/03\/SIGRE_Sondeo-Opinion-Empresas-adheridas-2025_Resumen-ejecutivo_pages-to-jpg-0006-300x169.jpg\" alt=\"\" width=\"615\" height=\"347\" srcset=\"https:\/\/www.sigre.es\/boletin\/wp-content\/uploads\/2025\/03\/SIGRE_Sondeo-Opinion-Empresas-adheridas-2025_Resumen-ejecutivo_pages-to-jpg-0006-300x169.jpg 300w, https:\/\/www.sigre.es\/boletin\/wp-content\/uploads\/2025\/03\/SIGRE_Sondeo-Opinion-Empresas-adheridas-2025_Resumen-ejecutivo_pages-to-jpg-0006-1024x576.jpg 1024w, https:\/\/www.sigre.es\/boletin\/wp-content\/uploads\/2025\/03\/SIGRE_Sondeo-Opinion-Empresas-adheridas-2025_Resumen-ejecutivo_pages-to-jpg-0006-768x432.jpg 768w, https:\/\/www.sigre.es\/boletin\/wp-content\/uploads\/2025\/03\/SIGRE_Sondeo-Opinion-Empresas-adheridas-2025_Resumen-ejecutivo_pages-to-jpg-0006-1536x864.jpg 1536w, https:\/\/www.sigre.es\/boletin\/wp-content\/uploads\/2025\/03\/SIGRE_Sondeo-Opinion-Empresas-adheridas-2025_Resumen-ejecutivo_pages-to-jpg-0006.jpg 2000w\" sizes=\"auto, (max-width: 615px) 100vw, 615px\" \/><\/a><\/p>\n","protected":false},"excerpt":{"rendered":"<p>En el marco de nuestra Pol\u00edtica de Calidad, el pasado mes de enero lanzamos un nuevo sondeo de opini\u00f3n, el und\u00e9cimo ya, entre los responsables de medio ambiente de nuestras compa\u00f1\u00edas adheridas. Gracias a la participaci\u00f3n de 75 empresas, se pudo obtener informaci\u00f3n directa y detallada sobre la percepci\u00f3n que tienen de SIGRE, lo que [&hellip;]<\/p>\n","protected":false},"author":7,"featured_media":0,"parent":10459,"menu_order":133,"comment_status":"closed","ping_status":"closed","template":"sigre-responde.php","meta":{"footnotes":""},"class_list":["post-10388","page","type-page","status-publish","hentry"],"_links":{"self":[{"href":"https:\/\/www.sigre.es\/boletin\/wp-json\/wp\/v2\/pages\/10388","targetHints":{"allow":["GET"]}}],"collection":[{"href":"https:\/\/www.sigre.es\/boletin\/wp-json\/wp\/v2\/pages"}],"about":[{"href":"https:\/\/www.sigre.es\/boletin\/wp-json\/wp\/v2\/types\/page"}],"author":[{"embeddable":true,"href":"https:\/\/www.sigre.es\/boletin\/wp-json\/wp\/v2\/users\/7"}],"replies":[{"embeddable":true,"href":"https:\/\/www.sigre.es\/boletin\/wp-json\/wp\/v2\/comments?post=10388"}],"version-history":[{"count":16,"href":"https:\/\/www.sigre.es\/boletin\/wp-json\/wp\/v2\/pages\/10388\/revisions"}],"predecessor-version":[{"id":10828,"href":"https:\/\/www.sigre.es\/boletin\/wp-json\/wp\/v2\/pages\/10388\/revisions\/10828"}],"up":[{"embeddable":true,"href":"https:\/\/www.sigre.es\/boletin\/wp-json\/wp\/v2\/pages\/10459"}],"wp:attachment":[{"href":"https:\/\/www.sigre.es\/boletin\/wp-json\/wp\/v2\/media?parent=10388"}],"curies":[{"name":"wp","href":"https:\/\/api.w.org\/{rel}","templated":true}]}}