{"id":10233,"date":"2020-11-29T12:51:36","date_gmt":"2020-11-29T11:51:36","guid":{"rendered":"https:\/\/www.sigre.es\/boletin\/?page_id=10233"},"modified":"2025-07-14T09:02:41","modified_gmt":"2025-07-14T08:02:41","slug":"dudas-reciclaje-90","status":"publish","type":"page","link":"https:\/\/www.sigre.es\/boletin\/sigre-informa-90\/dudas-reciclaje-90\/","title":{"rendered":"DUDAS SOBRE EL RECICLAJE"},"content":{"rendered":"<div id=\"fb-root\"><\/div>\n<p>Espa\u00f1a destaca por ser uno de los pa\u00edses con mayor esperanza de vida de Europa. En el a\u00f1o 2024, el n\u00famero de habitantes mayor de 64 a\u00f1os en Espa\u00f1a asciende a aproximadamente 9,9 millones, m\u00e1s de un 20% de la poblaci\u00f3n total del pa\u00eds.<\/p>\n<p>El envejecimiento de la poblaci\u00f3n lleva aparejado un aumento de las enfermedades cr\u00f3nicas y como consecuencia, de la polimedicaci\u00f3n y los problemas relacionados con el uso de los medicamentos. Por otra parte, la falta de adherencia es un problema relevante, estim\u00e1ndose entre un 20 y un 50 el porcentaje de los pacientes que no toman su medicaci\u00f3n correctamente, dando lugar a importantes problemas sanitarios.<\/p>\n<p>En el abordaje de la mejora de la adherencia terap\u00e9utica a trav\u00e9s de la preparaci\u00f3n y entrega de sistemas personalizados de dosificaci\u00f3n (SPD), <a href=\"https:\/\/www.google.com\/url?sa=t&amp;source=web&amp;rct=j&amp;opi=89978449&amp;url=https:\/\/www.farmaceuticos.com\/wp-content\/uploads\/2020\/05\/PNT-SPD.pdf&amp;ved=2ahUKEwjBgI3_qpCKAxUSU6QEHRA6AogQFnoECBcQAQ&amp;usg=AOvVaw3NFkmPa59cEtoZCRhu4yh9\" target=\"_blank\" rel=\"noopener\">numerosas farmacias facilitan ya SPD a los pacientes<\/a> una vez los medicamentos fueron dispensados, reacondicionando estos para un per\u00edodo de tiempo determinado en dispositivos de dosificaci\u00f3n personalizados.<\/p>\n<p>Una duda que nos puede surgir es c\u00f3mo debe realizarse la correcta gesti\u00f3n medioambiental correcta de estos dispositivos. La respuesta es sencilla: los residuos de los SPD, as\u00ed como los envases vac\u00edos y, en su caso, los restos de la medicaci\u00f3n del paciente que se encontrase bajo la custodia de la farmacia para poder prestar este servicio, deben depositarse en el Punto SIGRE para garantizar su correcto tratamiento medioambiental.<\/p>\n<p><a href=\"https:\/\/www.sigre.es\/boletin\/wp-content\/uploads\/2024\/12\/que-depositar.jpg\"><img loading=\"lazy\" decoding=\"async\" class=\"aligncenter wp-image-10292 \" src=\"https:\/\/www.sigre.es\/boletin\/wp-content\/uploads\/2024\/12\/que-depositar.jpg\" alt=\"\" width=\"444\" height=\"315\" srcset=\"https:\/\/www.sigre.es\/boletin\/wp-content\/uploads\/2024\/12\/que-depositar.jpg 700w, https:\/\/www.sigre.es\/boletin\/wp-content\/uploads\/2024\/12\/que-depositar-300x213.jpg 300w\" sizes=\"auto, (max-width: 444px) 100vw, 444px\" \/><\/a><\/p>\n","protected":false},"excerpt":{"rendered":"<p>Espa\u00f1a destaca por ser uno de los pa\u00edses con mayor esperanza de vida de Europa. En el a\u00f1o 2024, el n\u00famero de habitantes mayor de 64 a\u00f1os en Espa\u00f1a asciende a aproximadamente 9,9 millones, m\u00e1s de un 20% de la poblaci\u00f3n total del pa\u00eds. El envejecimiento de la poblaci\u00f3n lleva aparejado un aumento de las [&hellip;]<\/p>\n","protected":false},"author":10,"featured_media":0,"parent":10160,"menu_order":192,"comment_status":"closed","ping_status":"closed","template":"sigre-entrevista.php","meta":{"footnotes":""},"class_list":["post-10233","page","type-page","status-publish","hentry"],"_links":{"self":[{"href":"https:\/\/www.sigre.es\/boletin\/wp-json\/wp\/v2\/pages\/10233","targetHints":{"allow":["GET"]}}],"collection":[{"href":"https:\/\/www.sigre.es\/boletin\/wp-json\/wp\/v2\/pages"}],"about":[{"href":"https:\/\/www.sigre.es\/boletin\/wp-json\/wp\/v2\/types\/page"}],"author":[{"embeddable":true,"href":"https:\/\/www.sigre.es\/boletin\/wp-json\/wp\/v2\/users\/10"}],"replies":[{"embeddable":true,"href":"https:\/\/www.sigre.es\/boletin\/wp-json\/wp\/v2\/comments?post=10233"}],"version-history":[{"count":2,"href":"https:\/\/www.sigre.es\/boletin\/wp-json\/wp\/v2\/pages\/10233\/revisions"}],"predecessor-version":[{"id":10841,"href":"https:\/\/www.sigre.es\/boletin\/wp-json\/wp\/v2\/pages\/10233\/revisions\/10841"}],"up":[{"embeddable":true,"href":"https:\/\/www.sigre.es\/boletin\/wp-json\/wp\/v2\/pages\/10160"}],"wp:attachment":[{"href":"https:\/\/www.sigre.es\/boletin\/wp-json\/wp\/v2\/media?parent=10233"}],"curies":[{"name":"wp","href":"https:\/\/api.w.org\/{rel}","templated":true}]}}