{"id":10224,"date":"2024-11-29T12:46:06","date_gmt":"2024-11-29T11:46:06","guid":{"rendered":"https:\/\/www.sigre.es\/boletin\/?page_id=10224"},"modified":"2024-12-16T12:45:21","modified_gmt":"2024-12-16T11:45:21","slug":"actualidad-90-3","status":"publish","type":"page","link":"https:\/\/www.sigre.es\/boletin\/sigre-informa-90\/actualidad-90-3\/","title":{"rendered":"ACTUALIDAD"},"content":{"rendered":"<div id=\"fb-root\"><\/div>\n<p>El cambio clim\u00e1tico es una de las mayores amenazas para la salud mundial del siglo XXI, seg\u00fan la OMS.<\/p>\n<p>Gracias a las innovadoras medidas de prevenci\u00f3n y ecodise\u00f1o que aplican las compa\u00f1\u00edas farmac\u00e9uticas en sus envases, a la log\u00edstica inversa que aporta la distribuci\u00f3n farmac\u00e9utica al funcionamiento de SIGRE y al reciclado de los materiales de los envases depositados en los Puntos SIGRE de las farmacias, se ha logrado evitar la emisi\u00f3n a la atm\u00f3sfera de m\u00e1s de 90.000 toneladas de CO2, uno de los principales gases de efecto invernadero.<\/p>\n<p>Tambi\u00e9n, y con el objetivo de reducir las emisiones de gases de efecto invernadero en nuestras oficinas, hemos renovado recientemente nuestra inscripci\u00f3n en el \u201cRegistro de huella de carbono, compensaci\u00f3n y proyectos de absorci\u00f3n de CO2\u201d del Ministerio para la Transici\u00f3n Ecol\u00f3gica y el Reto Demogr\u00e1fico (MITERD), habiendo obtenido el \u201cSello de c\u00e1lculo de huella de carbono\u201d.<\/p>\n<p>La renovaci\u00f3n de este Sello ha sido concedida tras la evaluaci\u00f3n positiva por parte del MITERD del c\u00e1lculo de las emisiones de gases de efecto invernadero y del plan de reducci\u00f3n presentado por SIGRE para 2023. Dicho plan recoge las acciones concretas que se llevar\u00e1n a cabo en nuestras oficinas para lograr disminuir las emisiones.<\/p>\n<p>La inclusi\u00f3n en este Registro y la obtenci\u00f3n del Sello son una muestra m\u00e1s del compromiso de SIGRE con el cuidado del medio ambiente que, entre otras acciones, se ha concretado en la superaci\u00f3n un a\u00f1o m\u00e1s de la <a href=\"https:\/\/sigre.es\/post\/sigre-renueva-su-cuadruple-certificacion-de-aenor\" target=\"_blank\" rel=\"noopener\">auditor\u00eda<\/a> realizada por AENOR para las certificaciones en materia de Gesti\u00f3n Ambiental (ISO 14001) y Gesti\u00f3n de la Energ\u00eda (ISO 50001).<\/p>\n","protected":false},"excerpt":{"rendered":"<p>El cambio clim\u00e1tico es una de las mayores amenazas para la salud mundial del siglo XXI, seg\u00fan la OMS. Gracias a las innovadoras medidas de prevenci\u00f3n y ecodise\u00f1o que aplican las compa\u00f1\u00edas farmac\u00e9uticas en sus envases, a la log\u00edstica inversa que aporta la distribuci\u00f3n farmac\u00e9utica al funcionamiento de SIGRE y al reciclado de los materiales [&hellip;]<\/p>\n","protected":false},"author":10,"featured_media":0,"parent":10160,"menu_order":187,"comment_status":"closed","ping_status":"closed","template":"sigre-entrevista.php","meta":{"footnotes":""},"class_list":["post-10224","page","type-page","status-publish","hentry"],"_links":{"self":[{"href":"https:\/\/www.sigre.es\/boletin\/wp-json\/wp\/v2\/pages\/10224","targetHints":{"allow":["GET"]}}],"collection":[{"href":"https:\/\/www.sigre.es\/boletin\/wp-json\/wp\/v2\/pages"}],"about":[{"href":"https:\/\/www.sigre.es\/boletin\/wp-json\/wp\/v2\/types\/page"}],"author":[{"embeddable":true,"href":"https:\/\/www.sigre.es\/boletin\/wp-json\/wp\/v2\/users\/10"}],"replies":[{"embeddable":true,"href":"https:\/\/www.sigre.es\/boletin\/wp-json\/wp\/v2\/comments?post=10224"}],"version-history":[{"count":0,"href":"https:\/\/www.sigre.es\/boletin\/wp-json\/wp\/v2\/pages\/10224\/revisions"}],"up":[{"embeddable":true,"href":"https:\/\/www.sigre.es\/boletin\/wp-json\/wp\/v2\/pages\/10160"}],"wp:attachment":[{"href":"https:\/\/www.sigre.es\/boletin\/wp-json\/wp\/v2\/media?parent=10224"}],"curies":[{"name":"wp","href":"https:\/\/api.w.org\/{rel}","templated":true}]}}