{"id":10222,"date":"2024-11-29T12:44:51","date_gmt":"2024-11-29T11:44:51","guid":{"rendered":"https:\/\/www.sigre.es\/boletin\/?page_id=10222"},"modified":"2024-12-16T12:45:43","modified_gmt":"2024-12-16T11:45:43","slug":"actualidad-90-2","status":"publish","type":"page","link":"https:\/\/www.sigre.es\/boletin\/sigre-informa-90\/actualidad-90-2\/","title":{"rendered":"ACTUALIDAD"},"content":{"rendered":"<div id=\"fb-root\"><\/div>\n<p>Seg\u00fan la Organizaci\u00f3n Mundial de la Salud (OMS), se estima que un 24% de la carga mundial de morbilidad y un 23% de la mortalidad pueden atribuirse a factores medioambientales. Esta interrelaci\u00f3n entre la salud de los seres vivos que habitamos el planeta y el medio ambiente se conoce como \u201cOne Health\u201d (\u201cUna sola salud\u201d).<\/p>\n<p>Es por este motivo que desde SIGRE apelamos a la necesidad de restablecer el equilibrio de nuestra relaci\u00f3n con la naturaleza, puesto que no puede haber personas sanas en un planeta enfermo.<\/p>\n<p>Un equilibrio en el que el sector farmac\u00e9utico lleva mucho tiempo trabajando y que se materializa en su uni\u00f3n en torno a SIGRE, una iniciativa que promueve el desarrollo de modelos circulares y sostenibles de producci\u00f3n y consumo, minimizando el impacto ambiental a lo largo de todo el ciclo de vida del medicamento.<\/p>\n<p>Como una entidad centrada en cuidar de la salud del planeta, SIGRE aplica un enfoque de \u201cUna sola salud\u201d a su misi\u00f3n de garantizar la correcta gesti\u00f3n medioambiental de los envases y residuos de medicamentos que los ciudadanos depositan en el contenedor blanco de las farmacias.<\/p>\n<p>Para fortalecer este compromiso con la salud global, en noviembre de 2024 nos hemos adherido a la <a href=\"https:\/\/onehealthplataforma.es\/\" target=\"_blank\" rel=\"noopener\">Plataforma One Health<\/a>, una red de \u00e1mbito estatal que a\u00fana los esfuerzos de organizaciones colegiales nacionales, asociaciones y fundaciones pertenecientes a diferentes \u00e1mbitos y sectores, con el objetivo de alcanzar un mayor grado de protecci\u00f3n de la salud de las personas, reducir las inequidades en salud y progresar en la consecuci\u00f3n de los Objetivos de Desarrollo Sostenible (ODS).<\/p>\n<p><a href=\"https:\/\/www.sigre.es\/boletin\/wp-content\/uploads\/2024\/12\/Plataforma-One-Health.jpg\"><img loading=\"lazy\" decoding=\"async\" class=\"aligncenter wp-image-10280 \" src=\"https:\/\/www.sigre.es\/boletin\/wp-content\/uploads\/2024\/12\/Plataforma-One-Health-1024x576.jpg\" alt=\"\" width=\"492\" height=\"277\" srcset=\"https:\/\/www.sigre.es\/boletin\/wp-content\/uploads\/2024\/12\/Plataforma-One-Health-1024x576.jpg 1024w, https:\/\/www.sigre.es\/boletin\/wp-content\/uploads\/2024\/12\/Plataforma-One-Health-300x169.jpg 300w, https:\/\/www.sigre.es\/boletin\/wp-content\/uploads\/2024\/12\/Plataforma-One-Health-768x432.jpg 768w, https:\/\/www.sigre.es\/boletin\/wp-content\/uploads\/2024\/12\/Plataforma-One-Health-1536x864.jpg 1536w, https:\/\/www.sigre.es\/boletin\/wp-content\/uploads\/2024\/12\/Plataforma-One-Health.jpg 1600w\" sizes=\"auto, (max-width: 492px) 100vw, 492px\" \/><\/a><\/p>\n","protected":false},"excerpt":{"rendered":"<p>Seg\u00fan la Organizaci\u00f3n Mundial de la Salud (OMS), se estima que un 24% de la carga mundial de morbilidad y un 23% de la mortalidad pueden atribuirse a factores medioambientales. Esta interrelaci\u00f3n entre la salud de los seres vivos que habitamos el planeta y el medio ambiente se conoce como \u201cOne Health\u201d (\u201cUna sola salud\u201d). [&hellip;]<\/p>\n","protected":false},"author":10,"featured_media":0,"parent":10160,"menu_order":186,"comment_status":"closed","ping_status":"closed","template":"sigre-entrevista.php","meta":{"footnotes":""},"class_list":["post-10222","page","type-page","status-publish","hentry"],"_links":{"self":[{"href":"https:\/\/www.sigre.es\/boletin\/wp-json\/wp\/v2\/pages\/10222","targetHints":{"allow":["GET"]}}],"collection":[{"href":"https:\/\/www.sigre.es\/boletin\/wp-json\/wp\/v2\/pages"}],"about":[{"href":"https:\/\/www.sigre.es\/boletin\/wp-json\/wp\/v2\/types\/page"}],"author":[{"embeddable":true,"href":"https:\/\/www.sigre.es\/boletin\/wp-json\/wp\/v2\/users\/10"}],"replies":[{"embeddable":true,"href":"https:\/\/www.sigre.es\/boletin\/wp-json\/wp\/v2\/comments?post=10222"}],"version-history":[{"count":0,"href":"https:\/\/www.sigre.es\/boletin\/wp-json\/wp\/v2\/pages\/10222\/revisions"}],"up":[{"embeddable":true,"href":"https:\/\/www.sigre.es\/boletin\/wp-json\/wp\/v2\/pages\/10160"}],"wp:attachment":[{"href":"https:\/\/www.sigre.es\/boletin\/wp-json\/wp\/v2\/media?parent=10222"}],"curies":[{"name":"wp","href":"https:\/\/api.w.org\/{rel}","templated":true}]}}