{"id":10218,"date":"2024-11-29T12:43:04","date_gmt":"2024-11-29T11:43:04","guid":{"rendered":"https:\/\/www.sigre.es\/boletin\/?page_id=10218"},"modified":"2024-12-17T09:45:16","modified_gmt":"2024-12-17T08:45:16","slug":"formacion-90","status":"publish","type":"page","link":"https:\/\/www.sigre.es\/boletin\/sigre-informa-90\/formacion-90\/","title":{"rendered":"FORMACI\u00d3N"},"content":{"rendered":"<div id=\"fb-root\"><\/div>\n<p>SIGRE organiz\u00f3 en noviembre una sesi\u00f3n formativa online para explicar las principales novedades implementadas en el Formulario SIGRELAB 5.0, a la que asistieron m\u00e1s de 200 representantes de compa\u00f1\u00edas farmac\u00e9uticas.<\/p>\n<p>A trav\u00e9s de esta herramienta digital, que incluye algunas actualizaciones derivadas de las nuevas obligaciones legales, los laboratorios facilitan a SIGRE informaci\u00f3n detallada sobre las unidades y caracter\u00edsticas de los productos comercializados en el mercado espa\u00f1ol, as\u00ed como sobre los materiales utilizados en los envases.<\/p>\n<p>Esta jornada, que sirve de antesala a las tradicionales jornadas formativas en esta misma materia, ha sido dise\u00f1ada con el objetivo de facilitar a nuestras compa\u00f1\u00edas adheridas la recopilaci\u00f3n de la informaci\u00f3n que deben presentar a SIGRE sobre todos los envases puestos en el mercado nacional a lo largo del a\u00f1o 2024.<\/p>\n<p>De esta forma, SIGRE contin\u00faa apoyando a sus empresas adheridas en el cumplimiento de las nuevas obligaciones previstas en la normativa de envases de reciente aplicaci\u00f3n.<\/p>\n","protected":false},"excerpt":{"rendered":"<p>SIGRE organiz\u00f3 en noviembre una sesi\u00f3n formativa online para explicar las principales novedades implementadas en el Formulario SIGRELAB 5.0, a la que asistieron m\u00e1s de 200 representantes de compa\u00f1\u00edas farmac\u00e9uticas. A trav\u00e9s de esta herramienta digital, que incluye algunas actualizaciones derivadas de las nuevas obligaciones legales, los laboratorios facilitan a SIGRE informaci\u00f3n detallada sobre las [&hellip;]<\/p>\n","protected":false},"author":10,"featured_media":0,"parent":10160,"menu_order":184,"comment_status":"closed","ping_status":"closed","template":"sigre-entrevista.php","meta":{"footnotes":""},"class_list":["post-10218","page","type-page","status-publish","hentry"],"_links":{"self":[{"href":"https:\/\/www.sigre.es\/boletin\/wp-json\/wp\/v2\/pages\/10218","targetHints":{"allow":["GET"]}}],"collection":[{"href":"https:\/\/www.sigre.es\/boletin\/wp-json\/wp\/v2\/pages"}],"about":[{"href":"https:\/\/www.sigre.es\/boletin\/wp-json\/wp\/v2\/types\/page"}],"author":[{"embeddable":true,"href":"https:\/\/www.sigre.es\/boletin\/wp-json\/wp\/v2\/users\/10"}],"replies":[{"embeddable":true,"href":"https:\/\/www.sigre.es\/boletin\/wp-json\/wp\/v2\/comments?post=10218"}],"version-history":[{"count":0,"href":"https:\/\/www.sigre.es\/boletin\/wp-json\/wp\/v2\/pages\/10218\/revisions"}],"up":[{"embeddable":true,"href":"https:\/\/www.sigre.es\/boletin\/wp-json\/wp\/v2\/pages\/10160"}],"wp:attachment":[{"href":"https:\/\/www.sigre.es\/boletin\/wp-json\/wp\/v2\/media?parent=10218"}],"curies":[{"name":"wp","href":"https:\/\/api.w.org\/{rel}","templated":true}]}}