{"id":10215,"date":"2024-11-29T12:41:20","date_gmt":"2024-11-29T11:41:20","guid":{"rendered":"https:\/\/www.sigre.es\/boletin\/?page_id=10215"},"modified":"2024-12-16T12:44:00","modified_gmt":"2024-12-16T11:44:00","slug":"transparencia-90","status":"publish","type":"page","link":"https:\/\/www.sigre.es\/boletin\/sigre-informa-90\/transparencia-90\/","title":{"rendered":"TRANSPARENCIA"},"content":{"rendered":"<div id=\"fb-root\"><\/div>\n<p>Para poder avanzar hacia una sociedad del reciclaje se hace imprescindible despejar dudas o bulos sobre la correcta gesti\u00f3n de los residuos, labor en la que los medios de comunicaci\u00f3n en general, y los periodistas medioambientales en particular, resultan esenciales.<\/p>\n<p>Por este motivo, desde SIGRE organizamos una visita para los socios de la Asociaci\u00f3n de Periodistas de Informaci\u00f3n Ambiental (APIA) a la Planta de Clasificaci\u00f3n de Envases y Residuos de Medicamentos situada en Tudela de Duero (Valladolid), instalaci\u00f3n pionera y referencia mundial en el tratamiento de este tipo de residuos.<\/p>\n<p>Durante el recorrido, los miembros de la APIA pudieron conocer en detalle los procesos altamente automatizados que se llevan a cabo en esta instalaci\u00f3n y la forma en la que, gracias a la aplicaci\u00f3n de la inteligencia artificial y la rob\u00f3tica en la separaci\u00f3n y clasificaci\u00f3n de los residuos, se consigue reciclar casi el 70% de los materiales de los envases depositados por los ciudadanos en los Puntos SIGRE de las farmacias. Un elevado porcentaje al que contribuye tambi\u00e9n el esfuerzo que la industria farmac\u00e9utica lleva a cabo en materia de ecodise\u00f1o. En las dos d\u00e9cadas de funcionamiento de SIGRE, las compa\u00f1\u00edas farmac\u00e9uticas han aplicado m\u00e1s de 3.500 iniciativas en este \u00e1mbito favoreciendo, entre otras mejoras ambientales, que los envases sean m\u00e1s f\u00e1cilmente reciclables.<\/p>\n<p>Tambi\u00e9n, los periodistas pudieron conocer c\u00f3mo, en la propia Planta, los restos de medicamentos y los residuos de envases que no pueden ser reciclados son sometidos a un proceso de elaboraci\u00f3n de Combustible Derivado de Residuos (CDR) para su posterior valorizaci\u00f3n energ\u00e9tica. La valorizaci\u00f3n energ\u00e9tica permite aprovechar el poder calor\u00edfico de los residuos de medicamentos recogidos por SIGRE, minimizando as\u00ed el impacto ambiental frente a otras posibles v\u00edas de gesti\u00f3n.<\/p>\n<p>Tras la visita, la presidenta de APIA, Mar\u00eda Garc\u00eda de la Fuente, destac\u00f3 \u201c<em>el valor de esta experiencia para informar con rigor y contexto sobre el impacto positivo del tratamiento adecuado de los residuos de medicamentos en la salud y el medio ambiente<\/em>\u201d.<\/p>\n<p><a href=\"https:\/\/www.sigre.es\/boletin\/wp-content\/uploads\/2024\/12\/Visita-APIA-SIGRE-Perezerojpg.jpg\"><img loading=\"lazy\" decoding=\"async\" class=\"aligncenter wp-image-10260 \" src=\"https:\/\/www.sigre.es\/boletin\/wp-content\/uploads\/2024\/12\/Visita-APIA-SIGRE-Perezerojpg-1024x748.jpg\" alt=\"\" width=\"615\" height=\"450\" srcset=\"https:\/\/www.sigre.es\/boletin\/wp-content\/uploads\/2024\/12\/Visita-APIA-SIGRE-Perezerojpg-1024x748.jpg 1024w, https:\/\/www.sigre.es\/boletin\/wp-content\/uploads\/2024\/12\/Visita-APIA-SIGRE-Perezerojpg-300x219.jpg 300w, https:\/\/www.sigre.es\/boletin\/wp-content\/uploads\/2024\/12\/Visita-APIA-SIGRE-Perezerojpg-768x561.jpg 768w, https:\/\/www.sigre.es\/boletin\/wp-content\/uploads\/2024\/12\/Visita-APIA-SIGRE-Perezerojpg.jpg 1041w\" sizes=\"auto, (max-width: 615px) 100vw, 615px\" \/><\/a><\/p>\n","protected":false},"excerpt":{"rendered":"<p>Para poder avanzar hacia una sociedad del reciclaje se hace imprescindible despejar dudas o bulos sobre la correcta gesti\u00f3n de los residuos, labor en la que los medios de comunicaci\u00f3n en general, y los periodistas medioambientales en particular, resultan esenciales. Por este motivo, desde SIGRE organizamos una visita para los socios de la Asociaci\u00f3n de [&hellip;]<\/p>\n","protected":false},"author":10,"featured_media":0,"parent":10160,"menu_order":183,"comment_status":"closed","ping_status":"closed","template":"sigre-entrevista.php","meta":{"footnotes":""},"class_list":["post-10215","page","type-page","status-publish","hentry"],"_links":{"self":[{"href":"https:\/\/www.sigre.es\/boletin\/wp-json\/wp\/v2\/pages\/10215","targetHints":{"allow":["GET"]}}],"collection":[{"href":"https:\/\/www.sigre.es\/boletin\/wp-json\/wp\/v2\/pages"}],"about":[{"href":"https:\/\/www.sigre.es\/boletin\/wp-json\/wp\/v2\/types\/page"}],"author":[{"embeddable":true,"href":"https:\/\/www.sigre.es\/boletin\/wp-json\/wp\/v2\/users\/10"}],"replies":[{"embeddable":true,"href":"https:\/\/www.sigre.es\/boletin\/wp-json\/wp\/v2\/comments?post=10215"}],"version-history":[{"count":0,"href":"https:\/\/www.sigre.es\/boletin\/wp-json\/wp\/v2\/pages\/10215\/revisions"}],"up":[{"embeddable":true,"href":"https:\/\/www.sigre.es\/boletin\/wp-json\/wp\/v2\/pages\/10160"}],"wp:attachment":[{"href":"https:\/\/www.sigre.es\/boletin\/wp-json\/wp\/v2\/media?parent=10215"}],"curies":[{"name":"wp","href":"https:\/\/api.w.org\/{rel}","templated":true}]}}