{"id":10211,"date":"2024-11-29T12:39:27","date_gmt":"2024-11-29T11:39:27","guid":{"rendered":"https:\/\/www.sigre.es\/boletin\/?page_id=10211"},"modified":"2024-12-17T13:25:52","modified_gmt":"2024-12-17T12:25:52","slug":"blogsigre-90","status":"publish","type":"page","link":"https:\/\/www.sigre.es\/boletin\/sigre-informa-90\/blogsigre-90\/","title":{"rendered":"BLOG SIGRE"},"content":{"rendered":"<div id=\"fb-root\"><\/div>\n<p>Los responsables de comunicaci\u00f3n de Farmaindustria, Aeseg y anefp han participado a lo largo de este \u00faltimo trimestre de 2024 como \u201c<a href=\"https:\/\/www.blogsigre.es\/category\/firma-invitada\/\" target=\"_blank\" rel=\"noopener\">Firma invitada\u201d en nuestro Blog<\/a>.<\/p>\n<p>Gracias a esta colaboraci\u00f3n, nuestros m\u00e1s de 15.000 suscriptores del blog han podido conocer de la mano de Miguel Gonz\u00e1lez, Marisol Atencio y Nuria Sastre, como cada patronal est\u00e1 integrando la sostenibilidad ambiental en sus estrategias de comunicaci\u00f3n, destacando iniciativas de \u00e9xito y logros ambientales de la industria farmac\u00e9utica.<\/p>\n<p>Te invitamos a leer las entrevistas completas y descubrir de qu\u00e9 manera la sostenibilidad ambiental est\u00e1 cambiando el paradigma de la comunicaci\u00f3n.<\/p>\n","protected":false},"excerpt":{"rendered":"<p>Los responsables de comunicaci\u00f3n de Farmaindustria, Aeseg y anefp han participado a lo largo de este \u00faltimo trimestre de 2024 como \u201cFirma invitada\u201d en nuestro Blog. Gracias a esta colaboraci\u00f3n, nuestros m\u00e1s de 15.000 suscriptores del blog han podido conocer de la mano de Miguel Gonz\u00e1lez, Marisol Atencio y Nuria Sastre, como cada patronal est\u00e1 [&hellip;]<\/p>\n","protected":false},"author":10,"featured_media":0,"parent":10160,"menu_order":182,"comment_status":"closed","ping_status":"closed","template":"sigre-entrevista.php","meta":{"footnotes":""},"class_list":["post-10211","page","type-page","status-publish","hentry"],"_links":{"self":[{"href":"https:\/\/www.sigre.es\/boletin\/wp-json\/wp\/v2\/pages\/10211","targetHints":{"allow":["GET"]}}],"collection":[{"href":"https:\/\/www.sigre.es\/boletin\/wp-json\/wp\/v2\/pages"}],"about":[{"href":"https:\/\/www.sigre.es\/boletin\/wp-json\/wp\/v2\/types\/page"}],"author":[{"embeddable":true,"href":"https:\/\/www.sigre.es\/boletin\/wp-json\/wp\/v2\/users\/10"}],"replies":[{"embeddable":true,"href":"https:\/\/www.sigre.es\/boletin\/wp-json\/wp\/v2\/comments?post=10211"}],"version-history":[{"count":0,"href":"https:\/\/www.sigre.es\/boletin\/wp-json\/wp\/v2\/pages\/10211\/revisions"}],"up":[{"embeddable":true,"href":"https:\/\/www.sigre.es\/boletin\/wp-json\/wp\/v2\/pages\/10160"}],"wp:attachment":[{"href":"https:\/\/www.sigre.es\/boletin\/wp-json\/wp\/v2\/media?parent=10211"}],"curies":[{"name":"wp","href":"https:\/\/api.w.org\/{rel}","templated":true}]}}