{"id":10201,"date":"2024-11-29T12:33:29","date_gmt":"2024-11-29T11:33:29","guid":{"rendered":"https:\/\/www.sigre.es\/boletin\/?page_id=10201"},"modified":"2024-12-17T13:15:55","modified_gmt":"2024-12-17T12:15:55","slug":"editorial-90","status":"publish","type":"page","link":"https:\/\/www.sigre.es\/boletin\/sigre-informa-90\/editorial-90\/","title":{"rendered":"EDITORIAL"},"content":{"rendered":"<div id=\"fb-root\"><\/div>\n<p>A pocos d\u00edas de despedir el a\u00f1o, es momento de hacer balance de este complejo 2024 y reflexionar sobre los grandes retos y oportunidades que, como consecuencia de la nueva normativa de envases, tendr\u00e1 que afrontar el sector farmac\u00e9utico en relaci\u00f3n con la gesti\u00f3n de los residuos que se generan por los medicamentos que pone a disposici\u00f3n de la sociedad.<\/p>\n<p>Para SIGRE, 2024 ha sido un a\u00f1o de trabajo intenso que, gracias al esfuerzo y compromiso de los agentes del sector -compa\u00f1\u00edas farmac\u00e9uticas, distribuidores y farmacias-, ha permitido seguir consolidando un sistema que ya es la mayor alianza medioambiental del sector salud en Espa\u00f1a.<\/p>\n<p>Con m\u00e1s de dos d\u00e9cadas de experiencia, SIGRE ha marcado un antes y un despu\u00e9s en el compromiso del sector farmac\u00e9utico con la sostenibilidad ambiental. En un contexto donde cada vez cobra m\u00e1s fuerza el concepto \u201cOne Health\u201d, es clave para nuestra salud y para el medio ambiente el uso adecuado del medicamento, que s\u00f3lo finaliza cuando se depositan sus residuos en el Punto SIGRE. Esta sencilla pr\u00e1ctica reduce los riesgos asociados al consumo de medicamentos sobrantes o caducados, adem\u00e1s de evitar la contaminaci\u00f3n de nuestros r\u00edos y suelos, como ocurrir\u00eda si los tir\u00e1ramos a la basura o por el desag\u00fce.<\/p>\n<p>Sin embargo, el camino no concluye aqu\u00ed; queda mucho por recorrer para alcanzar ese futuro circular y sostenible que todos anhelamos. A partir del 1 de enero de 2025, adem\u00e1s de gestionar los residuos de medicamentos y sus envases procedentes de los hogares, SIGRE asumir\u00e1 tambi\u00e9n la gesti\u00f3n de los envases comerciales de medicamentos que se generan en los establecimientos sanitarios de nuestro pa\u00eds y en las instalaciones de la distribuci\u00f3n farmac\u00e9utica, as\u00ed como la de los envases industriales.<\/p>\n<p>En este sentido, la Consejer\u00eda de Medio Ambiente, Agricultura e Interior de la Comunidad de Madrid ha concedido a SIGRE la correspondiente autorizaci\u00f3n administrativa como Sistema Colectivo de Responsabilidad Ampliada del Productor (SCRAP) de envases dom\u00e9sticos, comerciales e industriales del sector farmac\u00e9utico. Esta autorizaci\u00f3n es v\u00e1lida para operar en todo el territorio nacional y tendr\u00e1 una vigencia inicial de ocho a\u00f1os.<\/p>\n<p>En SIGRE estamos ya preparados para abordar este gran reto y capturar las oportunidades que supone colaborar con otras organizaciones del sector de la salud, fortaleciendo las alianzas actuales, abriendo nuevas puertas con otros agentes y estableciendo una interlocuci\u00f3n \u00fanica y transparente con las administraciones.<\/p>\n<p>Somos conscientes de la dificultad que conllevan estas nuevas obligaciones y responsabilidades, pero desde SIGRE las afrontamos con optimismo e ilusi\u00f3n, respaldados por un sector farmac\u00e9utico que apuesta firmemente por la circularidad y el cuidado de la salud de nuestro planeta.<\/p>\n","protected":false},"excerpt":{"rendered":"<p>A pocos d\u00edas de despedir el a\u00f1o, es momento de hacer balance de este complejo 2024 y reflexionar sobre los grandes retos y oportunidades que, como consecuencia de la nueva normativa de envases, tendr\u00e1 que afrontar el sector farmac\u00e9utico en relaci\u00f3n con la gesti\u00f3n de los residuos que se generan por los medicamentos que pone [&hellip;]<\/p>\n","protected":false},"author":10,"featured_media":0,"parent":10160,"menu_order":149,"comment_status":"closed","ping_status":"closed","template":"sigre-entrevista.php","meta":{"footnotes":""},"class_list":["post-10201","page","type-page","status-publish","hentry"],"_links":{"self":[{"href":"https:\/\/www.sigre.es\/boletin\/wp-json\/wp\/v2\/pages\/10201","targetHints":{"allow":["GET"]}}],"collection":[{"href":"https:\/\/www.sigre.es\/boletin\/wp-json\/wp\/v2\/pages"}],"about":[{"href":"https:\/\/www.sigre.es\/boletin\/wp-json\/wp\/v2\/types\/page"}],"author":[{"embeddable":true,"href":"https:\/\/www.sigre.es\/boletin\/wp-json\/wp\/v2\/users\/10"}],"replies":[{"embeddable":true,"href":"https:\/\/www.sigre.es\/boletin\/wp-json\/wp\/v2\/comments?post=10201"}],"version-history":[{"count":0,"href":"https:\/\/www.sigre.es\/boletin\/wp-json\/wp\/v2\/pages\/10201\/revisions"}],"up":[{"embeddable":true,"href":"https:\/\/www.sigre.es\/boletin\/wp-json\/wp\/v2\/pages\/10160"}],"wp:attachment":[{"href":"https:\/\/www.sigre.es\/boletin\/wp-json\/wp\/v2\/media?parent=10201"}],"curies":[{"name":"wp","href":"https:\/\/api.w.org\/{rel}","templated":true}]}}