{"id":10197,"date":"2024-11-29T12:30:03","date_gmt":"2024-11-29T11:30:03","guid":{"rendered":"https:\/\/www.sigre.es\/boletin\/?page_id=10197"},"modified":"2024-12-16T12:43:02","modified_gmt":"2024-12-16T11:43:02","slug":"actualidad-90","status":"publish","type":"page","link":"https:\/\/www.sigre.es\/boletin\/sigre-informa-90\/actualidad-90\/","title":{"rendered":"ACTUALIDAD"},"content":{"rendered":"<div id=\"fb-root\"><\/div>\n<p>Tras m\u00e1s de dos d\u00e9cadas responsabiliz\u00e1ndonos de la correcta gesti\u00f3n ambiental de los envases y residuos de medicamentos generados en los hogares espa\u00f1oles, SIGRE ampliar\u00e1 su \u00e1mbito de actuaci\u00f3n, a partir del 1 de enero de 2025, a los envases comerciales e industriales de medicamentos que se generan en los establecimientos sanitarios y en las instalaciones de la distribuci\u00f3n de nuestro pa\u00eds.<\/p>\n<p>Para ello, la Consejer\u00eda de Medio Ambiente, Agricultura e Interior de la Comunidad de Madrid ha concedido a SIGRE la correspondiente autorizaci\u00f3n administrativa como Sistema Colectivo de Responsabilidad Ampliada del Productor (SCRAP) de envases dom\u00e9sticos, comerciales e industriales del sector farmac\u00e9utico.<\/p>\n<p>Esta autorizaci\u00f3n es v\u00e1lida para operar en todo el territorio nacional y tendr\u00e1 una vigencia inicial de ocho a\u00f1os, tras los cuales ser\u00e1 revisada permaneciendo vigente.<\/p>\n<p>Con la ampliaci\u00f3n del SCRAP a los envases comerciales e industriales, el sector farmac\u00e9utico conf\u00eda en SIGRE para avanzar hacia una econom\u00eda m\u00e1s circular, en la que desde el ecodise\u00f1o de los envases hasta la correcta gesti\u00f3n de los residuos se organice bajo principios de sostenibilidad.<\/p>\n<p>Adem\u00e1s, esta ampliaci\u00f3n supone una oportunidad para colaborar con otras organizaciones del sector de la salud, de forma que se puedan tener en cuenta los impactos ambientales de las distintas etapas del ciclo de vida de los medicamentos.<\/p>\n","protected":false},"excerpt":{"rendered":"<p>Tras m\u00e1s de dos d\u00e9cadas responsabiliz\u00e1ndonos de la correcta gesti\u00f3n ambiental de los envases y residuos de medicamentos generados en los hogares espa\u00f1oles, SIGRE ampliar\u00e1 su \u00e1mbito de actuaci\u00f3n, a partir del 1 de enero de 2025, a los envases comerciales e industriales de medicamentos que se generan en los establecimientos sanitarios y en las [&hellip;]<\/p>\n","protected":false},"author":10,"featured_media":0,"parent":10160,"menu_order":165,"comment_status":"closed","ping_status":"closed","template":"sigre-entrevista.php","meta":{"footnotes":""},"class_list":["post-10197","page","type-page","status-publish","hentry"],"_links":{"self":[{"href":"https:\/\/www.sigre.es\/boletin\/wp-json\/wp\/v2\/pages\/10197","targetHints":{"allow":["GET"]}}],"collection":[{"href":"https:\/\/www.sigre.es\/boletin\/wp-json\/wp\/v2\/pages"}],"about":[{"href":"https:\/\/www.sigre.es\/boletin\/wp-json\/wp\/v2\/types\/page"}],"author":[{"embeddable":true,"href":"https:\/\/www.sigre.es\/boletin\/wp-json\/wp\/v2\/users\/10"}],"replies":[{"embeddable":true,"href":"https:\/\/www.sigre.es\/boletin\/wp-json\/wp\/v2\/comments?post=10197"}],"version-history":[{"count":0,"href":"https:\/\/www.sigre.es\/boletin\/wp-json\/wp\/v2\/pages\/10197\/revisions"}],"up":[{"embeddable":true,"href":"https:\/\/www.sigre.es\/boletin\/wp-json\/wp\/v2\/pages\/10160"}],"wp:attachment":[{"href":"https:\/\/www.sigre.es\/boletin\/wp-json\/wp\/v2\/media?parent=10197"}],"curies":[{"name":"wp","href":"https:\/\/api.w.org\/{rel}","templated":true}]}}