{"id":10166,"date":"2024-11-27T13:02:47","date_gmt":"2024-11-27T12:02:47","guid":{"rendered":"https:\/\/www.sigre.es\/boletin\/?page_id=10166"},"modified":"2024-12-17T13:12:59","modified_gmt":"2024-12-17T12:12:59","slug":"entrevista-90","status":"publish","type":"page","link":"https:\/\/www.sigre.es\/boletin\/sigre-informa-90\/entrevista-90\/","title":{"rendered":"ENTREVISTA"},"content":{"rendered":"<div id=\"fb-root\"><\/div>\n<p><strong>El Consejo General de Farmac\u00e9uticos ha sido pionero en la incorporaci\u00f3n del componente medioambiental en su C\u00f3digo Deontol\u00f3gico. \u00bfQu\u00e9 viene a significar este hito para la profesi\u00f3n farmac\u00e9utica?<\/strong><\/p>\n<p>Como profesionales sanitarios, los farmac\u00e9uticos tenemos claro que la salud s\u00f3lo puede abordarse con una visi\u00f3n global que tenga en cuenta la estrecha relaci\u00f3n entre la salud de las personas, la de los animales y la del planeta. A trav\u00e9s de SIGRE tenemos una larga y firme trayectoria de compromiso medioambiental para la correcta eliminaci\u00f3n de los residuos de medicamentos. Sabemos que no puede haber personas sanas en un planeta enfermo.<\/p>\n<p>Sin embargo, no basta con saber. Preservar el medio ambiente y, con ello, nuestra salud requiere cambiar comportamientos, una cuesti\u00f3n en la que los profesionales sanitarios podemos influir de forma decidida y servir de ayuda y de ejemplo a la sociedad.<\/p>\n<p>Por eso, desde el Consejo General de Colegios Farmac\u00e9uticos decidimos integrar en nuestra Estrategia Social un eje espec\u00edfico sobre el medioambiente y la transici\u00f3n ecol\u00f3gica. Y, en el marco de esa estrategia, y tras la publicaci\u00f3n de la Gu\u00eda de \u00c9tica Ambiental elaborada por Uni\u00f3n Profesional y la Universidad de Alcal\u00e1, los farmac\u00e9uticos nos ofrecimos voluntarios para ser los primeros profesionales en integrar formalmente el componente medioambiental en nuestro C\u00f3digo Deontol\u00f3gico, una norma que es de obligado cumplimiento para los profesionales.<\/p>\n<p>El resultado de este compromiso fue la inclusi\u00f3n de un apartado espec\u00edfico en el \u00a0C\u00f3digo de Deontolog\u00eda de la Profesi\u00f3n Farmac\u00e9utica en el que se recogen deberes de protecci\u00f3n del medioambiente y correcta eliminaci\u00f3n de residuos de los medicamentos. Pero tambi\u00e9n el compromiso de los farmac\u00e9uticos con un uso eficiente de los recursos, la obligaci\u00f3n de favorecer informaci\u00f3n de car\u00e1cter medioambiental a los pacientes que pueda afectar a su salud y la voluntad expresa de participar en tareas de concienciaci\u00f3n social sobre la visi\u00f3n one health.<\/p>\n<p>&nbsp;<\/p>\n<p><strong>La Organizaci\u00f3n Mundial de la Salud (OMS) alerta sobre la estrecha relaci\u00f3n entre salud y medio ambiente, estimando que en Europa cada a\u00f1o los factores ambientales causan el 13 % de las muertes. \u00bfC\u00f3mo puede la farmacia contribuir a reducir los determinantes ambientales de la salud?<\/strong><\/p>\n<p>Los farmac\u00e9uticos estamos en toda la cadena del medicamento, en la investigaci\u00f3n, la industria, la distribuci\u00f3n, la farmacia hospitalaria y la farmacia comunitaria, por lo que contribuimos a reducir el impacto ambiental desde muchos frentes. \u00a0Por un lado, ayudamos a un uso m\u00e1s responsble de los medicamentos, revisando medicaciones, a trav\u00e9s de sistemas personalizados de dosificaci\u00f3n, con programas de adherencia\u2026 contribuyendo a un mejor cumplimiento de los tratamientos y a un mejor uso de los recursos, ayudando a reducir la generaci\u00f3n de residuos.<\/p>\n<p>Por otro lado, la profesi\u00f3n farmac\u00e9utica trabaja en la reducci\u00f3n del uso de materiales y la utilizaci\u00f3n de tecnolog\u00edas m\u00e1s sostenibles, que tambi\u00e9n contribuyen a minimizar el impacto ambiental.<\/p>\n<p>Adem\u00e1s, no nos cansamos de innovar con iniciativas que ayudan a mejorar el cumplimiento terap\u00e9utico pero que tambi\u00e9n tienen un componente de mejora medioambiental importante como la dispensaci\u00f3n colaborativa que acerca los medicamentos hospitalarios a los pacientes a trav\u00e9s de la farmacia comunitaria y evita desplazamientos. Esta iniciativa, por ejemplo, est\u00e1 ya operativa en ocho comunidades aut\u00f3nomas y estimamos que su extensi\u00f3n a todas las autonom\u00edas permitir\u00e1 beneficiarse de ella a 1,2 millones de pacientes a los que evitar\u00e1n 11,6 millones de desplazamientos al hospital para recoger su medicaci\u00f3n, reduciendo as\u00ed en 30.600 toneladas de CO2 las emisiones.<\/p>\n<p>Y, por supuesto, las farmacias colaboramos tambi\u00e9n con esa tercera \u201cR\u201d, la de reciclar, facilitando al ciudadano la recogida de envases y restos de medicamentos en el Punto SIGRE de alguna de las m\u00e1s de 22.000 farmacias espa\u00f1olas.<\/p>\n<p>&nbsp;<\/p>\n<p><strong>El farmac\u00e9utico cumple un papel clave en SIGRE. Tras 23 a\u00f1os de la implantaci\u00f3n de los Puntos SIGRE en las farmacias, \u00bfc\u00f3mo valora esta iniciativa?<\/strong><\/p>\n<p>El modelo de SIGRE, como alianza medioambiental de toda la cadena del medicamento, es un modelo de \u00e9xito que, probablemente, no tiene comparativa en ning\u00fan otro sector. La enorme capilaridad de la red de farmacias espa\u00f1ola ha sido crucial en este \u00e9xito ya que todos los ciudadanos tienen identificado a pocos metros de su domicilio un punto SIGRE para desechar los medicamentos caducados y sus envases. Pero tambi\u00e9n un punto donde un profesional sanitario, su farmac\u00e9utico de confianza, puede ayudarles a saber qu\u00e9 medicamentos pueden desechar y c\u00f3mo deben hacerlo, un profesional sanitario que puede asesorarles. De hecho, hace tan s\u00f3lo unos d\u00edas, una encuesta del CIS confirmaba que las farmacias son el servicio m\u00e1s cercano y mejor valorado por los espa\u00f1oles lo que, como en el caso de SIGRE, nos confirma una vez m\u00e1s que contar con la farmacia es una garant\u00eda de \u00e9xito.<\/p>\n<p>&nbsp;<\/p>\n<p><strong>El uso adecuado del medicamento finaliza cuando sus residuos se depositan en el Punto SIGRE. \u00bfConsidera que los farmac\u00e9uticos est\u00e1n implicados en la concienciaci\u00f3n de los pacientes a este respecto?<\/strong><\/p>\n<p>Los farmac\u00e9uticos est\u00e1n muy comprometidos con esta tarea porque entienden el doble beneficio de la correcta eliminaci\u00f3n de los residuos de medicamentos a trav\u00e9s del Punto SIGRE. Por un lado, se produce un beneficio medioambiental y, por tanto, se contribuye directamente a ayudar a preservar la salud de todos. Y, por otro lado, se evita que los medicamentos puedan acabar desech\u00e1ndose inadecuadamente en la basura o tirados en la v\u00eda p\u00fablica, lo que mejora la seguridad de la poblaci\u00f3n.<\/p>\n<p>El compromiso de los farmac\u00e9uticos con esta tarea es firme, no s\u00f3lo a trav\u00e9s de la ubicaci\u00f3n del Puntos SIGRE en las farmacias, sino tambi\u00e9n a trav\u00e9s de iniciativas como la revisi\u00f3n de botiquines. Tambi\u00e9n a trav\u00e9s de su participaci\u00f3n en las tareas y campa\u00f1as anuales de sensibilizaci\u00f3n.<\/p>\n<p><strong>\u00a0<\/strong><\/p>\n","protected":false},"excerpt":{"rendered":"<p>El Consejo General de Farmac\u00e9uticos ha sido pionero en la incorporaci\u00f3n del componente medioambiental en su C\u00f3digo Deontol\u00f3gico. \u00bfQu\u00e9 viene a significar este hito para la profesi\u00f3n farmac\u00e9utica? Como profesionales sanitarios, los farmac\u00e9uticos tenemos claro que la salud s\u00f3lo puede abordarse con una visi\u00f3n global que tenga en cuenta la estrecha relaci\u00f3n entre la salud [&hellip;]<\/p>\n","protected":false},"author":10,"featured_media":0,"parent":10160,"menu_order":147,"comment_status":"closed","ping_status":"closed","template":"sigre-entrevista.php","meta":{"footnotes":""},"class_list":["post-10166","page","type-page","status-publish","hentry"],"_links":{"self":[{"href":"https:\/\/www.sigre.es\/boletin\/wp-json\/wp\/v2\/pages\/10166","targetHints":{"allow":["GET"]}}],"collection":[{"href":"https:\/\/www.sigre.es\/boletin\/wp-json\/wp\/v2\/pages"}],"about":[{"href":"https:\/\/www.sigre.es\/boletin\/wp-json\/wp\/v2\/types\/page"}],"author":[{"embeddable":true,"href":"https:\/\/www.sigre.es\/boletin\/wp-json\/wp\/v2\/users\/10"}],"replies":[{"embeddable":true,"href":"https:\/\/www.sigre.es\/boletin\/wp-json\/wp\/v2\/comments?post=10166"}],"version-history":[{"count":0,"href":"https:\/\/www.sigre.es\/boletin\/wp-json\/wp\/v2\/pages\/10166\/revisions"}],"up":[{"embeddable":true,"href":"https:\/\/www.sigre.es\/boletin\/wp-json\/wp\/v2\/pages\/10160"}],"wp:attachment":[{"href":"https:\/\/www.sigre.es\/boletin\/wp-json\/wp\/v2\/media?parent=10166"}],"curies":[{"name":"wp","href":"https:\/\/api.w.org\/{rel}","templated":true}]}}